{"id":807,"date":"2024-11-29T09:59:09","date_gmt":"2024-11-29T08:59:09","guid":{"rendered":"https:\/\/www.masazemalacky.sk\/?page_id=807"},"modified":"2024-11-29T10:35:10","modified_gmt":"2024-11-29T09:35:10","slug":"darcekova-poukazka","status":"publish","type":"page","link":"https:\/\/www.masazemalacky.sk\/?page_id=807","title":{"rendered":"Dar\u010dekov\u00e1 pouk\u00e1\u017eka"},"content":{"rendered":"<p>[et_pb_section fb_built=&#8220;1&#8243; theme_builder_area=&#8220;post_content&#8220; _builder_version=&#8220;4.25.2&#8243; _module_preset=&#8220;default&#8220; title_text=&#8220;Thajsk\u00e9 mas\u00e1\u017ee Malacky (10)&#8220; background_image=&#8220;https:\/\/www.masazemalacky.sk\/wp-content\/uploads\/2024\/10\/Thajske-masaze-Malacky-10.jpg&#8220; hover_enabled=&#8220;0&#8243; sticky_enabled=&#8220;0&#8243; custom_padding=&#8220;||173px|||&#8220; use_background_color_gradient=&#8220;on&#8220; background_color_gradient_stops=&#8220;rgba(10,10,10,0.82) 0%|#02080a 99%&#8220; background_color_gradient_overlays_image=&#8220;on&#8220;][et_pb_row _builder_version=&#8220;4.25.2&#8243; _module_preset=&#8220;default&#8220; theme_builder_area=&#8220;post_content&#8220; column_structure=&#8220;1_2,1_2&#8243; hover_enabled=&#8220;0&#8243; sticky_enabled=&#8220;0&#8243; custom_padding=&#8220;137px||137px||true|false&#8220; custom_margin=&#8220;0px||||false|false&#8220; background_color=&#8220;RGBA(255,255,255,0)&#8220;][et_pb_column _builder_version=&#8220;4.25.2&#8243; _module_preset=&#8220;default&#8220; type=&#8220;1_2&#8243; theme_builder_area=&#8220;post_content&#8220; hover_enabled=&#8220;0&#8243; sticky_enabled=&#8220;0&#8243;][et_pb_text _builder_version=&#8220;4.25.2&#8243; _module_preset=&#8220;default&#8220; text_font=&#8220;Prata||||||||&#8220; header_font=&#8220;Open Sans||||||||&#8220; header_font_size=&#8220;38px&#8220; hover_enabled=&#8220;0&#8243; global_colors_info=&#8220;{}&#8220; sticky_enabled=&#8220;0&#8243; locked=&#8220;off&#8220; theme_builder_area=&#8220;post_content&#8220; header_text_color=&#8220;#FFFFFF&#8220;]<\/p>\n<h1 style=\"text-align: center;\">Dar\u010dekov\u00e9 pouk\u00e1\u017eky<\/h1>\n<p>[\/et_pb_text][et_pb_divider color=&#8220;gcid-secondary-color&#8220; divider_weight=&#8220;3px&#8220; _builder_version=&#8220;4.25.2&#8243; _module_preset=&#8220;default&#8220; width=&#8220;7%&#8220; module_alignment=&#8220;center&#8220; global_colors_info=&#8220;{%22gcid-secondary-color%22:%91%22color%22%93}&#8220; locked=&#8220;off&#8220; theme_builder_area=&#8220;post_content&#8220;][\/et_pb_divider][et_pb_text _builder_version=&#8220;4.25.2&#8243; _module_preset=&#8220;default&#8220; hover_enabled=&#8220;0&#8243; global_colors_info=&#8220;{}&#8220; locked=&#8220;off&#8220; theme_builder_area=&#8220;post_content&#8220; text_text_color=&#8220;#FFFFFF&#8220; sticky_enabled=&#8220;0&#8243;]<\/p>\n<p style=\"text-align: center;\">Dar\u010dekov\u00e1 pouk\u00e1\u017eka na thajsk\u00fa mas\u00e1\u017e nie je len darom, ale jedine\u010dn\u00fdm z\u00e1\u017eitkom, ktor\u00fd prin\u00e1\u0161a harm\u00f3niu tela i mysle. Touto pouk\u00e1\u017ekou z\u00edskavate mo\u017enos\u0165 za\u017ei\u0165 tradi\u010dn\u00fa thajsk\u00fa mas\u00e1\u017e, ktor\u00e1 v\u00e1m pom\u00f4\u017ee zbavi\u0165 sa nap\u00e4tia, uvo\u013eni\u0165 svaly a obnovi\u0165 energiu. Na\u0161a \u0161irok\u00e1 ponuka mas\u00e1\u017e\u00ed umo\u017e\u0148uje vybra\u0165 si presne ten druh relax\u00e1cie, ktor\u00fd najlep\u0161ie vyhovuje va\u0161im potreb\u00e1m.<\/p>\n<p>[\/et_pb_text][\/et_pb_column][et_pb_column _builder_version=&#8220;4.25.2&#8243; _module_preset=&#8220;default&#8220; type=&#8220;1_2&#8243; theme_builder_area=&#8220;post_content&#8220;][dsm_tilt_image src=&#8220;https:\/\/www.masazemalacky.sk\/wp-content\/uploads\/2024\/11\/IMG_6613-1.png&#8220; _builder_version=&#8220;4.25.2&#8243; _module_preset=&#8220;default&#8220; theme_builder_area=&#8220;post_content&#8220; title_text=&#8220;IMG_6613 (1)&#8220; hover_enabled=&#8220;0&#8243; sticky_enabled=&#8220;0&#8243; width=&#8220;90%&#8220; locked=&#8220;off&#8220;][\/dsm_tilt_image][\/et_pb_column][\/et_pb_row][et_pb_row _builder_version=&#8220;4.25.2&#8243; _module_preset=&#8220;default&#8220; theme_builder_area=&#8220;post_content&#8220;][et_pb_column _builder_version=&#8220;4.25.2&#8243; _module_preset=&#8220;default&#8220; type=&#8220;4_4&#8243; theme_builder_area=&#8220;post_content&#8220;][et_pb_text _builder_version=&#8220;4.25.2&#8243; _module_preset=&#8220;default&#8220; text_font=&#8220;Prata||||||||&#8220; header_font=&#8220;Open Sans||||||||&#8220; header_font_size=&#8220;38px&#8220; hover_enabled=&#8220;0&#8243; global_colors_info=&#8220;{}&#8220; sticky_enabled=&#8220;0&#8243; locked=&#8220;off&#8220; theme_builder_area=&#8220;post_content&#8220; header_text_color=&#8220;#FFFFFF&#8220;]<\/p>\n<h1 style=\"text-align: center;\">Ako pouk\u00e1\u017eku uplatni\u0165 ?<\/h1>\n<p>[\/et_pb_text][et_pb_text _builder_version=&#8220;4.25.2&#8243; _module_preset=&#8220;default&#8220; hover_enabled=&#8220;0&#8243; global_colors_info=&#8220;{}&#8220; locked=&#8220;off&#8220; theme_builder_area=&#8220;post_content&#8220; text_text_color=&#8220;#FFFFFF&#8220; sticky_enabled=&#8220;0&#8243; text_font_size=&#8220;17px&#8220;]<\/p>\n<p style=\"text-align: center;\">Aby ste si mohli vychutna\u0165 svoj z\u00e1\u017eitok bez starost\u00ed, pros\u00edme v\u00e1s, aby ste si vopred zarezervovali d\u00e1tum a \u010das va\u0161ej mas\u00e1\u017ee. Rezerv\u00e1ciu je mo\u017en\u00e9 uskuto\u010dni\u0165 pohodlne telefonicky. Na v\u00e1\u0161 term\u00edn <strong>nezabudnite prinies\u0165 pouk\u00e1\u017eku so sebou<\/strong>, preto\u017ee je potrebn\u00e1 na jej uplatnenie.<\/p>\n<p>[\/et_pb_text][et_pb_text _builder_version=&#8220;4.25.2&#8243; _module_preset=&#8220;default&#8220; text_font=&#8220;Prata||||||||&#8220; header_font=&#8220;Open Sans||||||||&#8220; header_font_size=&#8220;31px&#8220; hover_enabled=&#8220;0&#8243; global_colors_info=&#8220;{}&#8220; sticky_enabled=&#8220;0&#8243; locked=&#8220;off&#8220; theme_builder_area=&#8220;post_content&#8220; header_text_color=&#8220;#FFFFFF&#8220;]<\/p>\n<h1 style=\"text-align: center;\">+421 950 454 956<\/h1>\n<p>[\/et_pb_text][dsm_floating_multi_images _builder_version=&#8220;4.25.2&#8243; _module_preset=&#8220;default&#8220; theme_builder_area=&#8220;post_content&#8220; hover_enabled=&#8220;0&#8243; sticky_enabled=&#8220;0&#8243;][dsm_floating_multi_images_child _builder_version=&#8220;4.25.2&#8243; _module_preset=&#8220;default&#8220; theme_builder_area=&#8220;post_content&#8220; title_text=&#8220;IMG_6613 (1)&#8220; src=&#8220;https:\/\/www.masazemalacky.sk\/wp-content\/uploads\/2024\/11\/IMG_6613-1.png&#8220; hover_enabled=&#8220;0&#8243; sticky_enabled=&#8220;0&#8243;][\/dsm_floating_multi_images_child][dsm_floating_multi_images_child _builder_version=&#8220;4.25.2&#8243; _module_preset=&#8220;default&#8220; theme_builder_area=&#8220;post_content&#8220; title_text=&#8220;IMG_6611gg&#8220; src=&#8220;https:\/\/www.masazemalacky.sk\/wp-content\/uploads\/2024\/11\/IMG_6611gg.png&#8220; horizontal_align=&#8220;45%&#8220; hover_enabled=&#8220;0&#8243; sticky_enabled=&#8220;0&#8243;][\/dsm_floating_multi_images_child][\/dsm_floating_multi_images][\/et_pb_column][\/et_pb_row][et_pb_row _builder_version=&#8220;4.25.2&#8243; _module_preset=&#8220;default&#8220; theme_builder_area=&#8220;post_content&#8220;][et_pb_column _builder_version=&#8220;4.25.2&#8243; _module_preset=&#8220;default&#8220; type=&#8220;4_4&#8243; theme_builder_area=&#8220;post_content&#8220;][et_pb_text _builder_version=&#8220;4.25.2&#8243; _module_preset=&#8220;default&#8220; text_font=&#8220;Prata||||||||&#8220; header_font=&#8220;Open Sans||||||||&#8220; header_font_size=&#8220;38px&#8220; hover_enabled=&#8220;0&#8243; global_colors_info=&#8220;{}&#8220; sticky_enabled=&#8220;0&#8243; locked=&#8220;off&#8220; theme_builder_area=&#8220;post_content&#8220; header_text_color=&#8220;#FFFFFF&#8220;]<\/p>\n<h1 style=\"text-align: center;\">Platnos\u0165 a v\u00fdhody po skon\u010den\u00ed platnosti<\/h1>\n<p>[\/et_pb_text][et_pb_text _builder_version=&#8220;4.25.2&#8243; _module_preset=&#8220;default&#8220; hover_enabled=&#8220;0&#8243; global_colors_info=&#8220;{}&#8220; locked=&#8220;off&#8220; theme_builder_area=&#8220;post_content&#8220; text_text_color=&#8220;#FFFFFF&#8220; sticky_enabled=&#8220;0&#8243; text_font_size=&#8220;17px&#8220;]<\/p>\n<p style=\"text-align: center;\">Pouk\u00e1\u017eka m\u00e1 \u010dasovo obmedzen\u00fa platnos\u0165, ktor\u00fa n\u00e1jdete uveden\u00fa na samotnej pouk\u00e1\u017eke. Ak by ste ju nestihli vyu\u017ei\u0165 v\u010das, nez\u00fafajte \u2013 aj po skon\u010den\u00ed platnosti zost\u00e1va va\u0161a pouk\u00e1\u017eka cenn\u00e1! Poskytne v\u00e1m <strong>25% z\u013eavu<\/strong> na ktor\u00fako\u013evek mas\u00e1\u017e z na\u0161ej ponuky.<\/p>\n<p>[\/et_pb_text][\/et_pb_column][\/et_pb_row][\/et_pb_section]<\/p>\n","protected":false},"excerpt":{"rendered":"<p>Dar\u010dekov\u00e9 pouk\u00e1\u017ekyDar\u010dekov\u00e1 pouk\u00e1\u017eka na thajsk\u00fa mas\u00e1\u017e nie je len darom, ale jedine\u010dn\u00fdm z\u00e1\u017eitkom, ktor\u00fd prin\u00e1\u0161a harm\u00f3niu tela i mysle. Touto pouk\u00e1\u017ekou z\u00edskavate mo\u017enos\u0165 za\u017ei\u0165 tradi\u010dn\u00fa thajsk\u00fa mas\u00e1\u017e, ktor\u00e1 v\u00e1m pom\u00f4\u017ee zbavi\u0165 sa nap\u00e4tia, uvo\u013eni\u0165 svaly a obnovi\u0165 energiu. Na\u0161a \u0161irok\u00e1 ponuka mas\u00e1\u017e\u00ed umo\u017e\u0148uje vybra\u0165 si presne ten druh relax\u00e1cie, ktor\u00fd najlep\u0161ie vyhovuje va\u0161im potreb\u00e1m.<div class=\"et_pb_module dsm_tilt_image dsm_tilt_image_0\">\n\t\t\t\t\n\t\t\t\t\n\t\t\t\t\n\t\t\t\t\n\t\t\t\t\n\t\t\t\t\n\t\t\t\t<div class=\"et_pb_module_inner\">\n\t\t\t\t\t<div class=\"dsm-tilt-image-wrapper\" data-tilt data-tilt-max=\"35\" data-tilt-speed=\"300\" data-tilt-perspective=\"1000\" data-tilt-scale=\"1\" data-tilt-mobile-disable=\"off\" data-tilt-reverse=\"false\">\n\t\t\t\t\n\t\t\t\t\n\t\t\t\t<span class=\"et_pb_image_wrap \"><img decoding=\"async\" src=\"https:\/\/www.masazemalacky.sk\/wp-content\/uploads\/2024\/11\/IMG_6613-1.png\" alt=\"\" title=\"IMG_6613 (1)\" \/><\/span>\n\t\t\t<\/div>\n\t\t\t\t<\/div>\n\t\t\t<\/div>Ako pouk\u00e1\u017eku uplatni\u0165 ?Aby ste si mohli vychutna\u0165 svoj z\u00e1\u017eitok bez starost\u00ed, pros\u00edme v\u00e1s, aby ste si vopred zarezervovali d\u00e1tum a \u010das va\u0161ej mas\u00e1\u017ee. Rezerv\u00e1ciu je mo\u017en\u00e9 uskuto\u010dni\u0165 pohodlne telefonicky. Na v\u00e1\u0161 term\u00edn nezabudnite prinies\u0165 pouk\u00e1\u017eku so sebou, preto\u017ee je potrebn\u00e1 na jej uplatnenie.+421 950 454 956<div class=\"et_pb_module dsm_floating_multi_images dsm_floating_multi_images_0\">\n\t\t\t\t\n\t\t\t\t\n\t\t\t\t\n\t\t\t\t\n\t\t\t\t\n\t\t\t\t\n\t\t\t\t<div class=\"et_pb_module_inner\">\n\t\t\t\t\t<div class=\"dsm_floating_multi_images_container\"><div class=\"et_pb_module dsm_floating_multi_images_child dsm_floating_multi_images_child_0\">\n\t\t\t\t\n\t\t\t\t\n\t\t\t\t\n\t\t\t\t\n\t\t\t\t\n\t\t\t\t\n\t\t\t\t<div class=\"et_pb_module_inner\">\n\t\t\t\t\t<img decoding=\"async\" src=\"https:\/\/www.masazemalacky.sk\/wp-content\/uploads\/2024\/11\/IMG_6613-1.png\" alt=\"\" title=\"IMG_6613 (1)\" id=\"\" srcset=\"https:\/\/www.masazemalacky.sk\/wp-content\/uploads\/2024\/11\/IMG_6613-1.png 1920w, https:\/\/www.masazemalacky.sk\/wp-content\/uploads\/2024\/11\/IMG_6613-1-1280x585.png 1280w, https:\/\/www.masazemalacky.sk\/wp-content\/uploads\/2024\/11\/IMG_6613-1-980x448.png 980w, https:\/\/www.masazemalacky.sk\/wp-content\/uploads\/2024\/11\/IMG_6613-1-480x219.png 480w\" sizes=\"(min-width: 0px) and (max-width: 480px) 480px, (min-width: 481px) and (max-width: 980px) 980px, (min-width: 981px) and (max-width: 1280px) 1280px, (min-width: 1281px) 1920px, 100vw\" class=\"\" \/>\n\t\t\t\t<\/div>\n\t\t\t<\/div><div class=\"et_pb_module dsm_floating_multi_images_child dsm_floating_multi_images_child_1\">\n\t\t\t\t\n\t\t\t\t\n\t\t\t\t\n\t\t\t\t\n\t\t\t\t\n\t\t\t\t\n\t\t\t\t<div class=\"et_pb_module_inner\">\n\t\t\t\t\t<img decoding=\"async\" src=\"https:\/\/www.masazemalacky.sk\/wp-content\/uploads\/2024\/11\/IMG_6611gg.png\" alt=\"\" title=\"IMG_6611gg\" id=\"\" srcset=\"https:\/\/www.masazemalacky.sk\/wp-content\/uploads\/2024\/11\/IMG_6611gg.png 1920w, https:\/\/www.masazemalacky.sk\/wp-content\/uploads\/2024\/11\/IMG_6611gg-1280x590.png 1280w, https:\/\/www.masazemalacky.sk\/wp-content\/uploads\/2024\/11\/IMG_6611gg-980x452.png 980w, https:\/\/www.masazemalacky.sk\/wp-content\/uploads\/2024\/11\/IMG_6611gg-480x221.png 480w\" sizes=\"(min-width: 0px) and (max-width: 480px) 480px, (min-width: 481px) and (max-width: 980px) 980px, (min-width: 981px) and (max-width: 1280px) 1280px, (min-width: 1281px) 1920px, 100vw\" class=\"\" \/>\n\t\t\t\t<\/div>\n\t\t\t<\/div><\/div>\n\t\t\t\t<\/div>\n\t\t\t<\/div>Platnos\u0165 a v\u00fdhody po skon\u010den\u00ed platnostiPouk\u00e1\u017eka m\u00e1 \u010dasovo obmedzen\u00fa platnos\u0165, ktor\u00fa n\u00e1jdete uveden\u00fa na samotnej pouk\u00e1\u017eke. Ak by ste ju nestihli vyu\u017ei\u0165 v\u010das, nez\u00fafajte \u2013 aj po skon\u010den\u00ed platnosti zost\u00e1va va\u0161a pouk\u00e1\u017eka cenn\u00e1! Poskytne v\u00e1m 25% z\u013eavu na ktor\u00fako\u013evek mas\u00e1\u017e z na\u0161ej ponuky.<\/p>\n","protected":false},"author":1,"featured_media":0,"parent":0,"menu_order":0,"comment_status":"closed","ping_status":"closed","template":"","meta":{"_et_pb_use_builder":"on","_et_pb_old_content":"","_et_gb_content_width":"","_monsterinsights_skip_tracking":false,"_monsterinsights_sitenote_active":false,"_monsterinsights_sitenote_note":"","_monsterinsights_sitenote_category":0,"footnotes":""},"yoast_head":"<!-- This site is optimized with the Yoast SEO plugin v20.11 - https:\/\/yoast.com\/wordpress\/plugins\/seo\/ -->\n<title>Dar\u010dekov\u00e1 pouk\u00e1\u017eka - Thajsk\u00e9 mas\u00e1\u017ee Malacky<\/title>\n<meta name=\"robots\" content=\"index, follow, max-snippet:-1, max-image-preview:large, max-video-preview:-1\" \/>\n<link rel=\"canonical\" href=\"https:\/\/www.masazemalacky.sk\/?page_id=807\" \/>\n<meta property=\"og:locale\" content=\"sk_SK\" \/>\n<meta property=\"og:type\" content=\"article\" \/>\n<meta property=\"og:title\" content=\"Dar\u010dekov\u00e1 pouk\u00e1\u017eka - Thajsk\u00e9 mas\u00e1\u017ee Malacky\" \/>\n<meta property=\"og:description\" content=\"Dar\u010dekov\u00e9 pouk\u00e1\u017ekyDar\u010dekov\u00e1 pouk\u00e1\u017eka na thajsk\u00fa mas\u00e1\u017e nie je len darom, ale jedine\u010dn\u00fdm z\u00e1\u017eitkom, ktor\u00fd prin\u00e1\u0161a harm\u00f3niu tela i mysle. Touto pouk\u00e1\u017ekou z\u00edskavate mo\u017enos\u0165 za\u017ei\u0165 tradi\u010dn\u00fa thajsk\u00fa mas\u00e1\u017e, ktor\u00e1 v\u00e1m pom\u00f4\u017ee zbavi\u0165 sa nap\u00e4tia, uvo\u013eni\u0165 svaly a obnovi\u0165 energiu. Na\u0161a \u0161irok\u00e1 ponuka mas\u00e1\u017e\u00ed umo\u017e\u0148uje vybra\u0165 si presne ten druh relax\u00e1cie, ktor\u00fd najlep\u0161ie vyhovuje va\u0161im potreb\u00e1m.Ako pouk\u00e1\u017eku uplatni\u0165 ?Aby ste si mohli vychutna\u0165 svoj z\u00e1\u017eitok bez starost\u00ed, pros\u00edme v\u00e1s, aby ste si vopred zarezervovali d\u00e1tum a \u010das va\u0161ej mas\u00e1\u017ee. Rezerv\u00e1ciu je mo\u017en\u00e9 uskuto\u010dni\u0165 pohodlne telefonicky. Na v\u00e1\u0161 term\u00edn nezabudnite prinies\u0165 pouk\u00e1\u017eku so sebou, preto\u017ee je potrebn\u00e1 na jej uplatnenie.+421 950 454 956Platnos\u0165 a v\u00fdhody po skon\u010den\u00ed platnostiPouk\u00e1\u017eka m\u00e1 \u010dasovo obmedzen\u00fa platnos\u0165, ktor\u00fa n\u00e1jdete uveden\u00fa na samotnej pouk\u00e1\u017eke. Ak by ste ju nestihli vyu\u017ei\u0165 v\u010das, nez\u00fafajte \u2013 aj po skon\u010den\u00ed platnosti zost\u00e1va va\u0161a pouk\u00e1\u017eka cenn\u00e1! Poskytne v\u00e1m 25% z\u013eavu na ktor\u00fako\u013evek mas\u00e1\u017e z na\u0161ej ponuky.\" \/>\n<meta property=\"og:url\" content=\"https:\/\/www.masazemalacky.sk\/?page_id=807\" \/>\n<meta property=\"og:site_name\" content=\"Thajsk\u00e9 mas\u00e1\u017ee Malacky\" \/>\n<meta property=\"article:modified_time\" content=\"2024-11-29T09:35:10+00:00\" \/>\n<meta name=\"twitter:card\" content=\"summary_large_image\" \/>\n<script type=\"application\/ld+json\" class=\"yoast-schema-graph\">{\"@context\":\"https:\/\/schema.org\",\"@graph\":[{\"@type\":\"WebPage\",\"@id\":\"https:\/\/www.masazemalacky.sk\/?page_id=807\",\"url\":\"https:\/\/www.masazemalacky.sk\/?page_id=807\",\"name\":\"Dar\u010dekov\u00e1 pouk\u00e1\u017eka - Thajsk\u00e9 mas\u00e1\u017ee Malacky\",\"isPartOf\":{\"@id\":\"https:\/\/www.masazemalacky.sk\/#website\"},\"datePublished\":\"2024-11-29T08:59:09+00:00\",\"dateModified\":\"2024-11-29T09:35:10+00:00\",\"breadcrumb\":{\"@id\":\"https:\/\/www.masazemalacky.sk\/?page_id=807#breadcrumb\"},\"inLanguage\":\"sk-SK\",\"potentialAction\":[{\"@type\":\"ReadAction\",\"target\":[\"https:\/\/www.masazemalacky.sk\/?page_id=807\"]}]},{\"@type\":\"BreadcrumbList\",\"@id\":\"https:\/\/www.masazemalacky.sk\/?page_id=807#breadcrumb\",\"itemListElement\":[{\"@type\":\"ListItem\",\"position\":1,\"name\":\"Home\",\"item\":\"https:\/\/www.masazemalacky.sk\/\"},{\"@type\":\"ListItem\",\"position\":2,\"name\":\"Dar\u010dekov\u00e1 pouk\u00e1\u017eka\"}]},{\"@type\":\"WebSite\",\"@id\":\"https:\/\/www.masazemalacky.sk\/#website\",\"url\":\"https:\/\/www.masazemalacky.sk\/\",\"name\":\"Thajsk\u00e9 mas\u00e1\u017ee Malacky\",\"description\":\"\",\"potentialAction\":[{\"@type\":\"SearchAction\",\"target\":{\"@type\":\"EntryPoint\",\"urlTemplate\":\"https:\/\/www.masazemalacky.sk\/?s={search_term_string}\"},\"query-input\":\"required name=search_term_string\"}],\"inLanguage\":\"sk-SK\"}]}<\/script>\n<!-- \/ Yoast SEO plugin. -->","yoast_head_json":{"title":"Dar\u010dekov\u00e1 pouk\u00e1\u017eka - Thajsk\u00e9 mas\u00e1\u017ee Malacky","robots":{"index":"index","follow":"follow","max-snippet":"max-snippet:-1","max-image-preview":"max-image-preview:large","max-video-preview":"max-video-preview:-1"},"canonical":"https:\/\/www.masazemalacky.sk\/?page_id=807","og_locale":"sk_SK","og_type":"article","og_title":"Dar\u010dekov\u00e1 pouk\u00e1\u017eka - Thajsk\u00e9 mas\u00e1\u017ee Malacky","og_description":"Dar\u010dekov\u00e9 pouk\u00e1\u017ekyDar\u010dekov\u00e1 pouk\u00e1\u017eka na thajsk\u00fa mas\u00e1\u017e nie je len darom, ale jedine\u010dn\u00fdm z\u00e1\u017eitkom, ktor\u00fd prin\u00e1\u0161a harm\u00f3niu tela i mysle. Touto pouk\u00e1\u017ekou z\u00edskavate mo\u017enos\u0165 za\u017ei\u0165 tradi\u010dn\u00fa thajsk\u00fa mas\u00e1\u017e, ktor\u00e1 v\u00e1m pom\u00f4\u017ee zbavi\u0165 sa nap\u00e4tia, uvo\u013eni\u0165 svaly a obnovi\u0165 energiu. Na\u0161a \u0161irok\u00e1 ponuka mas\u00e1\u017e\u00ed umo\u017e\u0148uje vybra\u0165 si presne ten druh relax\u00e1cie, ktor\u00fd najlep\u0161ie vyhovuje va\u0161im potreb\u00e1m.Ako pouk\u00e1\u017eku uplatni\u0165 ?Aby ste si mohli vychutna\u0165 svoj z\u00e1\u017eitok bez starost\u00ed, pros\u00edme v\u00e1s, aby ste si vopred zarezervovali d\u00e1tum a \u010das va\u0161ej mas\u00e1\u017ee. Rezerv\u00e1ciu je mo\u017en\u00e9 uskuto\u010dni\u0165 pohodlne telefonicky. Na v\u00e1\u0161 term\u00edn nezabudnite prinies\u0165 pouk\u00e1\u017eku so sebou, preto\u017ee je potrebn\u00e1 na jej uplatnenie.+421 950 454 956Platnos\u0165 a v\u00fdhody po skon\u010den\u00ed platnostiPouk\u00e1\u017eka m\u00e1 \u010dasovo obmedzen\u00fa platnos\u0165, ktor\u00fa n\u00e1jdete uveden\u00fa na samotnej pouk\u00e1\u017eke. Ak by ste ju nestihli vyu\u017ei\u0165 v\u010das, nez\u00fafajte \u2013 aj po skon\u010den\u00ed platnosti zost\u00e1va va\u0161a pouk\u00e1\u017eka cenn\u00e1! Poskytne v\u00e1m 25% z\u013eavu na ktor\u00fako\u013evek mas\u00e1\u017e z na\u0161ej ponuky.","og_url":"https:\/\/www.masazemalacky.sk\/?page_id=807","og_site_name":"Thajsk\u00e9 mas\u00e1\u017ee Malacky","article_modified_time":"2024-11-29T09:35:10+00:00","twitter_card":"summary_large_image","schema":{"@context":"https:\/\/schema.org","@graph":[{"@type":"WebPage","@id":"https:\/\/www.masazemalacky.sk\/?page_id=807","url":"https:\/\/www.masazemalacky.sk\/?page_id=807","name":"Dar\u010dekov\u00e1 pouk\u00e1\u017eka - Thajsk\u00e9 mas\u00e1\u017ee Malacky","isPartOf":{"@id":"https:\/\/www.masazemalacky.sk\/#website"},"datePublished":"2024-11-29T08:59:09+00:00","dateModified":"2024-11-29T09:35:10+00:00","breadcrumb":{"@id":"https:\/\/www.masazemalacky.sk\/?page_id=807#breadcrumb"},"inLanguage":"sk-SK","potentialAction":[{"@type":"ReadAction","target":["https:\/\/www.masazemalacky.sk\/?page_id=807"]}]},{"@type":"BreadcrumbList","@id":"https:\/\/www.masazemalacky.sk\/?page_id=807#breadcrumb","itemListElement":[{"@type":"ListItem","position":1,"name":"Home","item":"https:\/\/www.masazemalacky.sk\/"},{"@type":"ListItem","position":2,"name":"Dar\u010dekov\u00e1 pouk\u00e1\u017eka"}]},{"@type":"WebSite","@id":"https:\/\/www.masazemalacky.sk\/#website","url":"https:\/\/www.masazemalacky.sk\/","name":"Thajsk\u00e9 mas\u00e1\u017ee Malacky","description":"","potentialAction":[{"@type":"SearchAction","target":{"@type":"EntryPoint","urlTemplate":"https:\/\/www.masazemalacky.sk\/?s={search_term_string}"},"query-input":"required name=search_term_string"}],"inLanguage":"sk-SK"}]}},"_links":{"self":[{"href":"https:\/\/www.masazemalacky.sk\/index.php?rest_route=\/wp\/v2\/pages\/807"}],"collection":[{"href":"https:\/\/www.masazemalacky.sk\/index.php?rest_route=\/wp\/v2\/pages"}],"about":[{"href":"https:\/\/www.masazemalacky.sk\/index.php?rest_route=\/wp\/v2\/types\/page"}],"author":[{"embeddable":true,"href":"https:\/\/www.masazemalacky.sk\/index.php?rest_route=\/wp\/v2\/users\/1"}],"replies":[{"embeddable":true,"href":"https:\/\/www.masazemalacky.sk\/index.php?rest_route=%2Fwp%2Fv2%2Fcomments&post=807"}],"version-history":[{"count":4,"href":"https:\/\/www.masazemalacky.sk\/index.php?rest_route=\/wp\/v2\/pages\/807\/revisions"}],"predecessor-version":[{"id":814,"href":"https:\/\/www.masazemalacky.sk\/index.php?rest_route=\/wp\/v2\/pages\/807\/revisions\/814"}],"wp:attachment":[{"href":"https:\/\/www.masazemalacky.sk\/index.php?rest_route=%2Fwp%2Fv2%2Fmedia&parent=807"}],"curies":[{"name":"wp","href":"https:\/\/api.w.org\/{rel}","templated":true}]}}